{"id":920,"date":"2022-06-03T17:17:32","date_gmt":"2022-06-03T17:17:32","guid":{"rendered":"https:\/\/theme.madsparrow.me\/nicex\/?page_id=920"},"modified":"2025-03-09T19:40:03","modified_gmt":"2025-03-09T19:40:03","slug":"a-propos-old","status":"publish","type":"page","link":"https:\/\/marinedelarue.com\/en\/a-propos-old\/","title":{"rendered":"A PROPOS OLD"},"content":{"rendered":"<div data-elementor-type=\"wp-page\" data-elementor-id=\"920\" class=\"elementor elementor-920\" data-elementor-settings=\"{&quot;ha_cmc_init_switcher&quot;:&quot;no&quot;}\" data-elementor-post-type=\"page\">\n\t\t\t\t\t\t<section class=\"elementor-section elementor-top-section elementor-element elementor-element-68924aa elementor-section-full_width elementor-section-height-full elementor-section-items-top elementor-section-content-top elementor-section-height-default\" data-id=\"68924aa\" data-element_type=\"section\" data-settings=\"{&quot;background_background&quot;:&quot;slideshow&quot;,&quot;background_slideshow_gallery&quot;:[{&quot;id&quot;:2856,&quot;url&quot;:&quot;https:\\\/\\\/marinedelarue.com\\\/wp-content\\\/uploads\\\/2025\\\/03\\\/About_Photo_Background.webp&quot;}],&quot;background_slideshow_slide_duration&quot;:5000,&quot;background_slideshow_slide_transition&quot;:&quot;fade&quot;,&quot;background_slideshow_transition_duration&quot;:500}\">\n\t\t\t\t\t\t<div class=\"elementor-container elementor-column-gap-no\">\n\t\t\t\t\t<div class=\"elementor-column elementor-col-100 elementor-top-column elementor-element elementor-element-8e196ca\" data-id=\"8e196ca\" data-element_type=\"column\">\n\t\t\t<div class=\"elementor-widget-wrap elementor-element-populated\">\n\t\t\t\t\t\t<section class=\"elementor-section elementor-inner-section elementor-element elementor-element-b5294fd elementor-section-full_width elementor-section-height-min-height elementor-reverse-mobile elementor-reverse-tablet elementor-section-height-default\" data-id=\"b5294fd\" data-element_type=\"section\" data-settings=\"{&quot;_ha_eqh_enable&quot;:false}\">\n\t\t\t\t\t\t<div class=\"elementor-container elementor-column-gap-no\">\n\t\t\t\t\t<div class=\"elementor-column elementor-col-50 elementor-inner-column elementor-element elementor-element-f64d004 has-sticky-column\" data-id=\"f64d004\" data-element_type=\"column\">\n\t\t\t<div class=\"elementor-widget-wrap\">\n\t\t\t\t\t\t\t<\/div>\n\t\t<\/div>\n\t\t\t\t<div class=\"elementor-column elementor-col-50 elementor-inner-column elementor-element elementor-element-86e0a38 has-sticky-column has-stretch-block has-reset-mobile to-left\" data-id=\"86e0a38\" data-element_type=\"column\">\n\t\t\t<div class=\"elementor-widget-wrap elementor-element-populated\">\n\t\t\t\t\t\t<div class=\"elementor-element elementor-element-7900d35 elementor-widget elementor-widget-spacer\" data-id=\"7900d35\" data-element_type=\"widget\" data-widget_type=\"spacer.default\">\n\t\t\t\t<div class=\"elementor-widget-container\">\n\t\t\t\t\t\t\t<div class=\"elementor-spacer\">\n\t\t\t<div class=\"elementor-spacer-inner\"><\/div>\n\t\t<\/div>\n\t\t\t\t\t\t<\/div>\n\t\t\t\t<\/div>\n\t\t\t\t<div class=\"elementor-element elementor-element-2ba692c elementor-widget elementor-widget-heading\" data-id=\"2ba692c\" data-element_type=\"widget\" data-widget_type=\"heading.default\">\n\t\t\t\t<div class=\"elementor-widget-container\">\n\t\t\t\t\t<h1 class=\"elementor-heading-title elementor-size-xxl\">About<\/h1>\t\t\t\t<\/div>\n\t\t\t\t<\/div>\n\t\t\t\t<div class=\"elementor-element elementor-element-ff9e61a elementor-widget elementor-widget-text-editor\" data-id=\"ff9e61a\" data-element_type=\"widget\" data-widget_type=\"text-editor.default\">\n\t\t\t\t<div class=\"elementor-widget-container\">\n\t\t\t\t\t\t\t\t\t<p dir=\"ltr\">Marine est une vid\u00e9aste et directrice photo franco-canadienne bas\u00e9e \u00e0 Montr\u00e9al.<\/p><p dir=\"ltr\">She developed her artistic eye from a young age and has always been especially drawn to visual aesthetics.\u00a0<\/p><p dir=\"ltr\">Her versatile artistic style is defined by strong attention to composition and color, whether she\u2019s covering an event or working on a cinematic project.\u00a0<\/p><p dir=\"ltr\">She enjoys capturing dynamic footage and prioritizes clear, effective storytelling.\u00a0<\/p><p dir=\"ltr\">Marine listens and knows how to come up with creative ideas.\u00a0<\/p><p dir=\"ltr\">Building personalized relationships with her collaborators is extremely important for Marine.\u00a0<\/p><p dir=\"ltr\">Always seeking new challenges, Marine is constantly ready to explore new artistic horizons.\u00a0<\/p>\t\t\t\t\t\t\t\t<\/div>\n\t\t\t\t<\/div>\n\t\t\t\t\t<\/div>\n\t\t<\/div>\n\t\t\t\t\t<\/div>\n\t\t<\/section>\n\t\t\t\t\t<\/div>\n\t\t<\/div>\n\t\t\t\t\t<\/div>\n\t\t<\/section>\n\t\t\t\t<\/div>","protected":false},"excerpt":{"rendered":"<p>\u00c0 propos Marine est une vid\u00e9aste et directrice photo franco-canadienne bas\u00e9e \u00e0 Montr\u00e9al. Elle d\u00e9veloppe son \u0153il artistique d\u00e8s son plus jeune \u00e2ge et [&hellip;]<\/p>","protected":false},"author":1,"featured_media":0,"parent":0,"menu_order":0,"comment_status":"closed","ping_status":"closed","template":"page-custom.php","meta":{"footnotes":""},"class_list":["post-920","page","type-page","status-publish","hentry"],"acf":{"full_width":true,"header_transparent":false},"yoast_head":"<!-- This site is optimized with the Yoast SEO plugin v20.2.1 - https:\/\/yoast.com\/wordpress\/plugins\/seo\/ -->\n<title>A PROPOS OLD - Marine Delarue<\/title>\n<meta name=\"description\" content=\"Marine est une vid\u00e9aste et directrice photo franco-canadienne bas\u00e9e \u00e0 Montr\u00e9al. Elle d\u00e9veloppe son \u0153il artistique d\u00e8s son plus jeune \u00e2ge et est particuli\u00e8rement sensible \u00e0 l\u2019esth\u00e9tisme visuel. Son style artistique polyvalent est caract\u00e9ris\u00e9 par un grand travail de la composition des plans et des couleurs, que ce soit pour une couverture d\u2019\u00e9v\u00e9nement ou un projet cin\u00e9matographique. Elle aime filmer des images dynamiques et elle favorise les narrations claires et efficaces. Marine est \u00e0 l\u2019\u00e9coute et sait proposer des id\u00e9es cr\u00e9atives. Elle accorde une grande importance \u00e0 d\u00e9velopper une relation personnalis\u00e9e avec ses collaborateurs. Marine est en permanence \u00e0 la recherche de nouveaux d\u00e9fis et est toujours pr\u00eate \u00e0 explorer de nouveaux horizons artistiques.\" \/>\n<meta name=\"robots\" content=\"index, follow, max-snippet:-1, max-image-preview:large, max-video-preview:-1\" \/>\n<link rel=\"canonical\" href=\"https:\/\/marinedelarue.com\/en\/a-propos-old\/\" \/>\n<meta property=\"og:locale\" content=\"en_US\" \/>\n<meta property=\"og:type\" content=\"article\" \/>\n<meta property=\"og:title\" content=\"A PROPOS OLD - Marine Delarue\" \/>\n<meta property=\"og:description\" content=\"Marine est une vid\u00e9aste et directrice photo franco-canadienne bas\u00e9e \u00e0 Montr\u00e9al. Elle d\u00e9veloppe son \u0153il artistique d\u00e8s son plus jeune \u00e2ge et est particuli\u00e8rement sensible \u00e0 l\u2019esth\u00e9tisme visuel. Son style artistique polyvalent est caract\u00e9ris\u00e9 par un grand travail de la composition des plans et des couleurs, que ce soit pour une couverture d\u2019\u00e9v\u00e9nement ou un projet cin\u00e9matographique. Elle aime filmer des images dynamiques et elle favorise les narrations claires et efficaces. Marine est \u00e0 l\u2019\u00e9coute et sait proposer des id\u00e9es cr\u00e9atives. Elle accorde une grande importance \u00e0 d\u00e9velopper une relation personnalis\u00e9e avec ses collaborateurs. Marine est en permanence \u00e0 la recherche de nouveaux d\u00e9fis et est toujours pr\u00eate \u00e0 explorer de nouveaux horizons artistiques.\" \/>\n<meta property=\"og:url\" content=\"https:\/\/marinedelarue.com\/en\/a-propos-old\/\" \/>\n<meta property=\"og:site_name\" content=\"Marine Delarue\" \/>\n<meta property=\"article:modified_time\" content=\"2025-03-09T19:40:03+00:00\" \/>\n<meta name=\"twitter:card\" content=\"summary_large_image\" \/>\n<meta name=\"twitter:label1\" content=\"Est. reading time\" \/>\n\t<meta name=\"twitter:data1\" content=\"1 minute\" \/>\n<script type=\"application\/ld+json\" class=\"yoast-schema-graph\">{\"@context\":\"https:\/\/schema.org\",\"@graph\":[{\"@type\":\"WebPage\",\"@id\":\"https:\/\/marinedelarue.com\/a-propos-old\/\",\"url\":\"https:\/\/marinedelarue.com\/a-propos-old\/\",\"name\":\"A PROPOS OLD - Marine Delarue\",\"isPartOf\":{\"@id\":\"https:\/\/marinedelarue.com\/#website\"},\"datePublished\":\"2022-06-03T17:17:32+00:00\",\"dateModified\":\"2025-03-09T19:40:03+00:00\",\"description\":\"Marine est une vid\u00e9aste et directrice photo franco-canadienne bas\u00e9e \u00e0 Montr\u00e9al. Elle d\u00e9veloppe son \u0153il artistique d\u00e8s son plus jeune \u00e2ge et est particuli\u00e8rement sensible \u00e0 l\u2019esth\u00e9tisme visuel. Son style artistique polyvalent est caract\u00e9ris\u00e9 par un grand travail de la composition des plans et des couleurs, que ce soit pour une couverture d\u2019\u00e9v\u00e9nement ou un projet cin\u00e9matographique. Elle aime filmer des images dynamiques et elle favorise les narrations claires et efficaces. Marine est \u00e0 l\u2019\u00e9coute et sait proposer des id\u00e9es cr\u00e9atives. Elle accorde une grande importance \u00e0 d\u00e9velopper une relation personnalis\u00e9e avec ses collaborateurs. Marine est en permanence \u00e0 la recherche de nouveaux d\u00e9fis et est toujours pr\u00eate \u00e0 explorer de nouveaux horizons artistiques.\",\"breadcrumb\":{\"@id\":\"https:\/\/marinedelarue.com\/a-propos-old\/#breadcrumb\"},\"inLanguage\":\"en-CA\",\"potentialAction\":[{\"@type\":\"ReadAction\",\"target\":[\"https:\/\/marinedelarue.com\/a-propos-old\/\"]}]},{\"@type\":\"BreadcrumbList\",\"@id\":\"https:\/\/marinedelarue.com\/a-propos-old\/#breadcrumb\",\"itemListElement\":[{\"@type\":\"ListItem\",\"position\":1,\"name\":\"Accueil\",\"item\":\"https:\/\/marinedelarue.com\/\"},{\"@type\":\"ListItem\",\"position\":2,\"name\":\"A PROPOS OLD\"}]},{\"@type\":\"WebSite\",\"@id\":\"https:\/\/marinedelarue.com\/#website\",\"url\":\"https:\/\/marinedelarue.com\/\",\"name\":\"Marine Delarue\",\"description\":\"Montreal Cinematographer \/ Videographer \/ Content creator\",\"publisher\":{\"@id\":\"https:\/\/marinedelarue.com\/#organization\"},\"potentialAction\":[{\"@type\":\"SearchAction\",\"target\":{\"@type\":\"EntryPoint\",\"urlTemplate\":\"https:\/\/marinedelarue.com\/?s={search_term_string}\"},\"query-input\":\"required name=search_term_string\"}],\"inLanguage\":\"en-CA\"},{\"@type\":\"Organization\",\"@id\":\"https:\/\/marinedelarue.com\/#organization\",\"name\":\"Marine Delarue\",\"url\":\"https:\/\/marinedelarue.com\/\",\"logo\":{\"@type\":\"ImageObject\",\"inLanguage\":\"en-CA\",\"@id\":\"https:\/\/marinedelarue.com\/#\/schema\/logo\/image\/\",\"url\":\"https:\/\/marinedelarue.com\/wp-content\/uploads\/2023\/03\/MD_Icon-Trans.png\",\"contentUrl\":\"https:\/\/marinedelarue.com\/wp-content\/uploads\/2023\/03\/MD_Icon-Trans.png\",\"width\":512,\"height\":512,\"caption\":\"Marine Delarue\"},\"image\":{\"@id\":\"https:\/\/marinedelarue.com\/#\/schema\/logo\/image\/\"}}]}<\/script>\n<!-- \/ Yoast SEO plugin. -->","yoast_head_json":{"title":"A PROPOS OLD - Marine Delarue","description":"Marine est une vid\u00e9aste et directrice photo franco-canadienne bas\u00e9e \u00e0 Montr\u00e9al. Elle d\u00e9veloppe son \u0153il artistique d\u00e8s son plus jeune \u00e2ge et est particuli\u00e8rement sensible \u00e0 l\u2019esth\u00e9tisme visuel. Son style artistique polyvalent est caract\u00e9ris\u00e9 par un grand travail de la composition des plans et des couleurs, que ce soit pour une couverture d\u2019\u00e9v\u00e9nement ou un projet cin\u00e9matographique. Elle aime filmer des images dynamiques et elle favorise les narrations claires et efficaces. Marine est \u00e0 l\u2019\u00e9coute et sait proposer des id\u00e9es cr\u00e9atives. Elle accorde une grande importance \u00e0 d\u00e9velopper une relation personnalis\u00e9e avec ses collaborateurs. Marine est en permanence \u00e0 la recherche de nouveaux d\u00e9fis et est toujours pr\u00eate \u00e0 explorer de nouveaux horizons artistiques.","robots":{"index":"index","follow":"follow","max-snippet":"max-snippet:-1","max-image-preview":"max-image-preview:large","max-video-preview":"max-video-preview:-1"},"canonical":"https:\/\/marinedelarue.com\/en\/a-propos-old\/","og_locale":"en_US","og_type":"article","og_title":"A PROPOS OLD - Marine Delarue","og_description":"Marine est une vid\u00e9aste et directrice photo franco-canadienne bas\u00e9e \u00e0 Montr\u00e9al. Elle d\u00e9veloppe son \u0153il artistique d\u00e8s son plus jeune \u00e2ge et est particuli\u00e8rement sensible \u00e0 l\u2019esth\u00e9tisme visuel. Son style artistique polyvalent est caract\u00e9ris\u00e9 par un grand travail de la composition des plans et des couleurs, que ce soit pour une couverture d\u2019\u00e9v\u00e9nement ou un projet cin\u00e9matographique. Elle aime filmer des images dynamiques et elle favorise les narrations claires et efficaces. Marine est \u00e0 l\u2019\u00e9coute et sait proposer des id\u00e9es cr\u00e9atives. Elle accorde une grande importance \u00e0 d\u00e9velopper une relation personnalis\u00e9e avec ses collaborateurs. Marine est en permanence \u00e0 la recherche de nouveaux d\u00e9fis et est toujours pr\u00eate \u00e0 explorer de nouveaux horizons artistiques.","og_url":"https:\/\/marinedelarue.com\/en\/a-propos-old\/","og_site_name":"Marine Delarue","article_modified_time":"2025-03-09T19:40:03+00:00","twitter_card":"summary_large_image","twitter_misc":{"Est. reading time":"1 minute"},"schema":{"@context":"https:\/\/schema.org","@graph":[{"@type":"WebPage","@id":"https:\/\/marinedelarue.com\/a-propos-old\/","url":"https:\/\/marinedelarue.com\/a-propos-old\/","name":"A PROPOS OLD - Marine Delarue","isPartOf":{"@id":"https:\/\/marinedelarue.com\/#website"},"datePublished":"2022-06-03T17:17:32+00:00","dateModified":"2025-03-09T19:40:03+00:00","description":"Marine est une vid\u00e9aste et directrice photo franco-canadienne bas\u00e9e \u00e0 Montr\u00e9al. Elle d\u00e9veloppe son \u0153il artistique d\u00e8s son plus jeune \u00e2ge et est particuli\u00e8rement sensible \u00e0 l\u2019esth\u00e9tisme visuel. Son style artistique polyvalent est caract\u00e9ris\u00e9 par un grand travail de la composition des plans et des couleurs, que ce soit pour une couverture d\u2019\u00e9v\u00e9nement ou un projet cin\u00e9matographique. Elle aime filmer des images dynamiques et elle favorise les narrations claires et efficaces. Marine est \u00e0 l\u2019\u00e9coute et sait proposer des id\u00e9es cr\u00e9atives. Elle accorde une grande importance \u00e0 d\u00e9velopper une relation personnalis\u00e9e avec ses collaborateurs. Marine est en permanence \u00e0 la recherche de nouveaux d\u00e9fis et est toujours pr\u00eate \u00e0 explorer de nouveaux horizons artistiques.","breadcrumb":{"@id":"https:\/\/marinedelarue.com\/a-propos-old\/#breadcrumb"},"inLanguage":"en-CA","potentialAction":[{"@type":"ReadAction","target":["https:\/\/marinedelarue.com\/a-propos-old\/"]}]},{"@type":"BreadcrumbList","@id":"https:\/\/marinedelarue.com\/a-propos-old\/#breadcrumb","itemListElement":[{"@type":"ListItem","position":1,"name":"Accueil","item":"https:\/\/marinedelarue.com\/"},{"@type":"ListItem","position":2,"name":"A PROPOS OLD"}]},{"@type":"WebSite","@id":"https:\/\/marinedelarue.com\/#website","url":"https:\/\/marinedelarue.com\/","name":"Marine Delarue","description":"Montreal Cinematographer \/ Videographer \/ Content creator","publisher":{"@id":"https:\/\/marinedelarue.com\/#organization"},"potentialAction":[{"@type":"SearchAction","target":{"@type":"EntryPoint","urlTemplate":"https:\/\/marinedelarue.com\/?s={search_term_string}"},"query-input":"required name=search_term_string"}],"inLanguage":"en-CA"},{"@type":"Organization","@id":"https:\/\/marinedelarue.com\/#organization","name":"Marine Delarue","url":"https:\/\/marinedelarue.com\/","logo":{"@type":"ImageObject","inLanguage":"en-CA","@id":"https:\/\/marinedelarue.com\/#\/schema\/logo\/image\/","url":"https:\/\/marinedelarue.com\/wp-content\/uploads\/2023\/03\/MD_Icon-Trans.png","contentUrl":"https:\/\/marinedelarue.com\/wp-content\/uploads\/2023\/03\/MD_Icon-Trans.png","width":512,"height":512,"caption":"Marine Delarue"},"image":{"@id":"https:\/\/marinedelarue.com\/#\/schema\/logo\/image\/"}}]}},"_links":{"self":[{"href":"https:\/\/marinedelarue.com\/en\/wp-json\/wp\/v2\/pages\/920","targetHints":{"allow":["GET"]}}],"collection":[{"href":"https:\/\/marinedelarue.com\/en\/wp-json\/wp\/v2\/pages"}],"about":[{"href":"https:\/\/marinedelarue.com\/en\/wp-json\/wp\/v2\/types\/page"}],"author":[{"embeddable":true,"href":"https:\/\/marinedelarue.com\/en\/wp-json\/wp\/v2\/users\/1"}],"replies":[{"embeddable":true,"href":"https:\/\/marinedelarue.com\/en\/wp-json\/wp\/v2\/comments?post=920"}],"version-history":[{"count":127,"href":"https:\/\/marinedelarue.com\/en\/wp-json\/wp\/v2\/pages\/920\/revisions"}],"predecessor-version":[{"id":2931,"href":"https:\/\/marinedelarue.com\/en\/wp-json\/wp\/v2\/pages\/920\/revisions\/2931"}],"wp:attachment":[{"href":"https:\/\/marinedelarue.com\/en\/wp-json\/wp\/v2\/media?parent=920"}],"curies":[{"name":"wp","href":"https:\/\/api.w.org\/{rel}","templated":true}]}}